{"id":64,"date":"2022-10-12T14:40:15","date_gmt":"2022-10-12T14:40:15","guid":{"rendered":"http:\/\/seanoriada.ie\/wordpress\/?page_id=64"},"modified":"2022-10-12T14:51:32","modified_gmt":"2022-10-12T14:51:32","slug":"beathfhaisneis-gairid","status":"publish","type":"page","link":"http:\/\/seanoriada.ie\/index.php\/beathfhaisneis-gairid\/","title":{"rendered":"Beathfh\u00e1isn\u00e9is gairid"},"content":{"rendered":"<div><big><big><big><big>Se\u00e1n \u00d3 Riada<\/big><\/big><\/big><\/big><\/div>\n<p>Leagan Gairid:<\/p>\n<p>Rugadh Se\u00e1n \u00d3 Riada sa bhliain 1932.\u00a0 Is i gCorcaigh a saola\u00edodh \u00e9 ach chaith s\u00e9 a \u00f3ige in Ath Dara Luimnighe.\u00a0\u00a0 Sairsint G\u00e1rda\u00ed ab ea a athair agus banaltra a mh\u00e1thair.\u00a0\u00a0 Bh\u00ed driof\u00far amh\u00e1in aige Louise agus c\u00e9 go raibh s\u00e9 leicthe ag f\u00e1s an\u00edos bh\u00ed saoghal maith ceolmhar aige.\u00a0 B\u2019\u00e9\u00a0 an t-Uasal Metcalf a ch\u00e9ad mhuinteoir ceoil.\u00a0 Is minic a bh\u00edodh an ceolt\u00f3ir traidisi\u00fanta Patrick Kelly ag seinnt sa tigh i dteannta a athar chomh maith. Is gairid go raibh s\u00e9 ag seinnt le ceolfhoireann Luimnighe.\u00a0 Bh\u00edodh turas blainti\u00fail go Feis Mhaiti\u00fa mar a mbail\u00edodh s\u00e9 a chion f\u00e9in de dhuaiseanna.<br \/>\nTar \u00e9is c\u00e9im a bhaint amach in Ollscoil Chorcaighe faoi \u00fadar\u00e1s an Ollamh Fleischmann, do ph\u00f3s s\u00e9 Ruth Coughlan.\u00a0 Bh\u00ed seachtar muirir orthu.\u00a0 Chuireadar futha \u2018sna c\u00e9ad blianta i mBaile Atha Cliath \u00e1it a raibh s\u00e9 mar leas stiurth\u00f3ir ceoil ar Raid\u00e9\u00f3 \u00c9ireann ar dt\u00fais agus ansan mar sti\u00farth\u00f3ir ceoil ar Amharclann na Mainistreach.\u00a0\u00a0 Do bhunaigh s\u00e9 Ceolt\u00f3\u00edr\u00ed Chualann chun ceol traidisi\u00fanta na t\u00edre seo do chuir ar st\u00e1itse ionas go bhfaigheadh an ceol an t\u2019aitheantas a sh\u00edl s\u00e9 a bheith tuillte aige.\u00a0 Do lean an ghluaiseacht seo ar aghaidh ionas go bhfuil ceol na t\u00edre seo aitheanta anois ar fuaid an domhain.\u00a0 Ar chuireadh \u00f3 Ghael Linn do chuir s\u00e9 ceol le scann\u00e1n faoin\u2019 dteideal \u201cMise Eire\u201d agus tar \u00e9is a fheabhas agus a oibrigh s\u00e9 seo,\u00a0 do ch\u00fam s\u00e9 an ceol do leath dosaen \u00e9igin scann\u00e1n eile.\u00a0\u00a0 Tar \u00e9is d\u00f3 glacadh le post mar l\u00e9acht\u00f3ir c\u00fanta ceoil I \u2018nOllscoil Chorcaighe, do bhog s\u00e9 chun c\u00f3naithe go Cuil Aodha tar \u00e9is seal do chaitheamh i nGaeltacht Chorca Dhuibhne.\u00a0\u00a0 Is ann a chum s\u00e9 na h-Aifreannta\u00ed agus ghlac s\u00e9 p\u00e1irt ioml\u00e1n i saoghal an phobail \u00e1iti\u00fail.\u00a0\u00a0 I dteannta lena chuid cumad\u00f3ireachta ceoil idir clasaiceach agus gaelach, do chuir s\u00e9 suim i scann\u00e1na\u00edocht, litr\u00edocht, foghla\u00e9ireacht agus bhfarraige. Shaotharaigh s\u00e9 ar son c\u00fais na Gaeilge agus na Gaeltachta.\u00a0 Fuair s\u00e9 b\u00e1s in aois a dachad blian i 1971 agus t\u00e1 s\u00e9 curtha i Reilig Ghobnatan mar a bhfuil a Mhuintir.<\/p>\n","protected":false},"excerpt":{"rendered":"<p>Se\u00e1n \u00d3 Riada Leagan Gairid: Rugadh Se\u00e1n \u00d3 Riada sa bhliain 1932.\u00a0 Is i gCorcaigh a saola\u00edodh \u00e9 ach chaith s\u00e9 a \u00f3ige in Ath Dara Luimnighe.\u00a0\u00a0 Sairsint G\u00e1rda\u00ed ab [&hellip;]<\/p>\n","protected":false},"author":1,"featured_media":0,"parent":0,"menu_order":0,"comment_status":"closed","ping_status":"closed","template":"template-portfolio.php","meta":{"footnotes":""},"class_list":["post-64","page","type-page","status-publish","hentry"],"_links":{"self":[{"href":"http:\/\/seanoriada.ie\/index.php\/wp-json\/wp\/v2\/pages\/64","targetHints":{"allow":["GET"]}}],"collection":[{"href":"http:\/\/seanoriada.ie\/index.php\/wp-json\/wp\/v2\/pages"}],"about":[{"href":"http:\/\/seanoriada.ie\/index.php\/wp-json\/wp\/v2\/types\/page"}],"author":[{"embeddable":true,"href":"http:\/\/seanoriada.ie\/index.php\/wp-json\/wp\/v2\/users\/1"}],"replies":[{"embeddable":true,"href":"http:\/\/seanoriada.ie\/index.php\/wp-json\/wp\/v2\/comments?post=64"}],"version-history":[{"count":1,"href":"http:\/\/seanoriada.ie\/index.php\/wp-json\/wp\/v2\/pages\/64\/revisions"}],"predecessor-version":[{"id":65,"href":"http:\/\/seanoriada.ie\/index.php\/wp-json\/wp\/v2\/pages\/64\/revisions\/65"}],"wp:attachment":[{"href":"http:\/\/seanoriada.ie\/index.php\/wp-json\/wp\/v2\/media?parent=64"}],"curies":[{"name":"wp","href":"https:\/\/api.w.org\/{rel}","templated":true}]}}