{"id":68,"date":"2022-10-12T14:42:35","date_gmt":"2022-10-12T14:42:35","guid":{"rendered":"http:\/\/seanoriada.ie\/wordpress\/?page_id=68"},"modified":"2022-10-12T14:42:35","modified_gmt":"2022-10-12T14:42:35","slug":"discography","status":"publish","type":"page","link":"http:\/\/seanoriada.ie\/index.php\/discography\/","title":{"rendered":"Discography"},"content":{"rendered":"<p><big><big>Discography:<\/big><\/big><\/p>\n<p>Saothar ar an st\u00edl Eorapach:\u00a0 Work in the European Classical Style<\/p>\n<p>C\u00e9irn\u00edn\u00ed Chladaigh CSM 1<br \/>\n\u201cVerticle Man\u201d<br \/>\n1\u00a0\u00a0 \u00a0Hercules Dux Ferrariae (1957)<br \/>\nCeol Fhoireann Shiansach Londain.<br \/>\nSti\u00fath\u00f3ir:\u00a0\u00a0 \u00a0Carlo Franci<br \/>\n2.\u00a0\u00a0 \u00a0In Memoriam Aloys G. Fleischmann ( 1964)<br \/>\nBernadette Greevy (Contralto)<br \/>\nVeronica McSwiney (Piano)<br \/>\n3. Amhr\u00e1in \u00e9ags\u00fala do ghuth contralto<\/p>\n<p>(1)\u00a0\u00a0 \u00a03 Amhr\u00e1n le Thomas Kinsella<br \/>\n(2)\u00a0\u00a0 \u00a0Sekundenzeiger (Hans Arp)<br \/>\n(3)\u00a0\u00a0 \u00a0Hill Field (John Montague)<br \/>\n(4)\u00a0\u00a0 \u00a0Lovers on Aran (Seamus Heaney)<\/p>\n<p>Bernadette Greevy (Contralto)<br \/>\nVeronica McSwiney (Piano)<br \/>\nGael Linn CEF 002<br \/>\nMise \u00c9ire\u00a0\u00a0 \u00a0\u00a0\u00a0 \u00a0Ceol Scann\u00e1in<br \/>\nCeolfhoireann Shiansach RT\u00c9.\u00a0 Sti\u00farth\u00f3ir Se\u00e1n \u00d3 Riada<\/p>\n<p>Gael Linn GL 1<br \/>\nSaoirse\u00a0\u00a0 \u00a0\u00a0\u00a0 \u00a0Ceol Scann\u00e1in<\/p>\n<p>Ceolfhoireann Shiansach RT\u00c9.\u00a0 Sti\u00farth\u00f3ir Se\u00e1n \u00d3 Riada<\/p>\n<p>Gael Linn GL 12<br \/>\nAn Tine Bheo\u00a0\u00a0\u00a0 \u00a0Ceol Scann\u00e1in<\/p>\n<p>Ceolfhoireann Shiansach RT\u00c9.\u00a0 Sti\u00farth\u00f3ir Se\u00e1n \u00d3 Riada<\/p>\n<p><span style=\"text-decoration: underline;\">Ceol Traidisi\u00fanta n\u00f3 Gaelach ar C\u00e9irn\u00edn le Se\u00e1n O Riada.\u00a0 Traditional Irish Music<\/span><\/p>\n<p>Gael Linn CEF 010\u00a0 Reacaireacht an Riadaigh<br \/>\nGael Linn CEF 012\u00a0 Playboy of the Western World<br \/>\nGael Linn CEF 015\u00a0 Ceol na nUasal<br \/>\nGael Linn CEF 016\u00a0 Ding Dong<br \/>\nGael Linn CEF 027\u00a0 O Riada sa Ghaeity<br \/>\nGael Linn CEF 032\u00a0 \u00d3 Riada<br \/>\nGael Linn CEF 076\u00a0 Sean \u00d3 Riada, Se\u00e1n \u00d3 S\u00e9, Ceolt\u00f3ir\u00ed Chualann\u00a0 Na C\u00e9irn\u00edn\u00ed 45<\/p>\n<p>C\u00e9irn\u00edn\u00ed Cladagh 007\u00a0 The Battle of Aughrim<\/p>\n","protected":false},"excerpt":{"rendered":"<p>Discography: Saothar ar an st\u00edl Eorapach:\u00a0 Work in the European Classical Style C\u00e9irn\u00edn\u00ed Chladaigh CSM 1 \u201cVerticle Man\u201d 1\u00a0\u00a0 \u00a0Hercules Dux Ferrariae (1957) Ceol Fhoireann Shiansach Londain. Sti\u00fath\u00f3ir:\u00a0\u00a0 \u00a0Carlo Franci [&hellip;]<\/p>\n","protected":false},"author":1,"featured_media":0,"parent":0,"menu_order":0,"comment_status":"closed","ping_status":"closed","template":"","meta":{"footnotes":""},"class_list":["post-68","page","type-page","status-publish","hentry"],"_links":{"self":[{"href":"http:\/\/seanoriada.ie\/index.php\/wp-json\/wp\/v2\/pages\/68","targetHints":{"allow":["GET"]}}],"collection":[{"href":"http:\/\/seanoriada.ie\/index.php\/wp-json\/wp\/v2\/pages"}],"about":[{"href":"http:\/\/seanoriada.ie\/index.php\/wp-json\/wp\/v2\/types\/page"}],"author":[{"embeddable":true,"href":"http:\/\/seanoriada.ie\/index.php\/wp-json\/wp\/v2\/users\/1"}],"replies":[{"embeddable":true,"href":"http:\/\/seanoriada.ie\/index.php\/wp-json\/wp\/v2\/comments?post=68"}],"version-history":[{"count":1,"href":"http:\/\/seanoriada.ie\/index.php\/wp-json\/wp\/v2\/pages\/68\/revisions"}],"predecessor-version":[{"id":69,"href":"http:\/\/seanoriada.ie\/index.php\/wp-json\/wp\/v2\/pages\/68\/revisions\/69"}],"wp:attachment":[{"href":"http:\/\/seanoriada.ie\/index.php\/wp-json\/wp\/v2\/media?parent=68"}],"curies":[{"name":"wp","href":"https:\/\/api.w.org\/{rel}","templated":true}]}}